{"id":2288,"date":"2014-09-02T21:00:30","date_gmt":"2014-09-02T19:00:30","guid":{"rendered":"http:\/\/www.temel-art.de\/wordpress\/?page_id=2288"},"modified":"2018-05-24T13:33:49","modified_gmt":"2018-05-24T11:33:49","slug":"temel-tippt","status":"publish","type":"page","link":"http:\/\/www.temel-art.de\/wordpress\/temel-tippt\/","title":{"rendered":"Temel tippt"},"content":{"rendered":"<div class=\"jbox yellow\" style=\"border-width:2px;-moz-border-radius: 20px;-webkit-border-radius: 20px;-khtml-border-radius: 20px;border-radius: 20px;-webkit-box-shadow: 4px 4px 6px rgba(0,0,0,.15);-moz-box-shadow: 4px 4px 6px rgba(0,0,0,.15);box-shadow: 4px 4px 6px rgba(0,0,0,.15);\">  <div  class=\"jbox-icon yellow\">\r\n    <img decoding=\"async\" src=\"\/wordpress\/wp-content\/uploads\/2014\/08\/temeltippt.png\">\r\n  <\/div>  <div  class=\"jbox-title yellow\">TeMeL tippt - Blog<\/div><div  class=\"jbox-content\">Eine kleine pers\u00f6nliche Kolumne rund um alles, was mit Erz\u00e4hlen, Schreiben, Comics und Kunst zu tun hat.<\/p>\n<p>Mal gibt es hilfreiche Tipps und Techniken f\u00fcr andere Kreative, mal meine ganz eigene Meinung zu einem gewissen Thema, manches mag altbekannt sein, anderes bietet vielleicht eine neue Sicht auf bestimmte Dinge. TeMeL zwischen Tipps f\u00fcrs Leben und gef\u00e4hrlichem Halbwissen!\u00a0<\/div><\/div>\n<div class=\"su-spacer\" style=\"height:20px\"><\/div>\n\n\n<div class=\"su-posts su-posts-default-loop \">\n\n\t\n\t\t\t\t\t\n\t\t\t\n\t\t\t<div id=\"su-post-3138\" class=\"su-post \">\n\n\t\t\t\t\n\t\t\t\t<h2 class=\"su-post-title\"><a href=\"http:\/\/www.temel-art.de\/wordpress\/2018\/05\/antihelden-was-sind-antihelden-und-aus-welchen-gruenden-kann-man-sie-als-leser-gut-finden\/\">ANTIHELDEN \u2013 Was sind Antihelden und aus welchen Gr\u00fcnden kann man sie als Leser gut finden?<\/a><\/h2>\n\n\t\t\t\t<div class=\"su-post-meta\">\n\t\t\t\t\tVer\u00f6ffentlicht: 24. Mai 2018\t\t\t\t<\/div>\n\n\t\t\t\t<div class=\"su-post-excerpt\">\n\t\t\t\t\t<p>\u201eAll human beings, as we meet them, are commingled out of good and evil\u201c\u00a0\u2013\u00a0Robert Louis Stevenson,\u00a0The Strange Case of Dr. Jekyll and Mr. Hyde (Etwa: Alle Menschen, so wir wie ihnen begegnen, sind gemischt aus Gutem und aus B\u00f6sem) In [&hellip;]<\/p>\n\t\t\t\t<\/div>\n\n\t\t\t\t\n\t\t\t<\/div>\n\n\t\t\t\t\t\n\t\t\t\n\t\t\t<div id=\"su-post-3148\" class=\"su-post \">\n\n\t\t\t\t\n\t\t\t\t<h2 class=\"su-post-title\"><a href=\"http:\/\/www.temel-art.de\/wordpress\/2017\/07\/man-darf-ja-bald-gar-nichts-mehr-sagen-oder-wie-man-unmoralische-handlungen-handwerklich-gut-in-fiktionalen-texten-verpackt\/\">\u201eMan darf ja bald gar nichts mehr sagen!\u201c oder: Wie man unmoralische Handlungen handwerklich gut in fiktionalen Texten verpackt<\/a><\/h2>\n\n\t\t\t\t<div class=\"su-post-meta\">\n\t\t\t\t\tVer\u00f6ffentlicht: 7. Juli 2017\t\t\t\t<\/div>\n\n\t\t\t\t<div class=\"su-post-excerpt\">\n\t\t\t\t\t<p>\u201eKindersch\u00e4nder sollte man alle h\u00e4ngen!\u201c, \u201eF\u00fchrt die Todesstrafe wieder ein!\u201c, \u201eFrauen, die mit vielen verschiedenen M\u00e4nnern Geschlechtsverkehr haben, sind Schlampen!\u201c Es gibt zahlreiche M\u00f6glichkeiten, in journalistischen Artikeln, Kommentaren, Essays und \u00c4hnlichem provokative Thesen aufzustellen und im Laufe des Textes mit [&hellip;]<\/p>\n\t\t\t\t<\/div>\n\n\t\t\t\t\n\t\t\t<\/div>\n\n\t\t\t\t\t\n\t\t\t\n\t\t\t<div id=\"su-post-3064\" class=\"su-post \">\n\n\t\t\t\t\n\t\t\t\t<h2 class=\"su-post-title\"><a href=\"http:\/\/www.temel-art.de\/wordpress\/2017\/03\/sprechblasen-und-lettering\/\">Sprechblasen und Lettering<\/a><\/h2>\n\n\t\t\t\t<div class=\"su-post-meta\">\n\t\t\t\t\tVer\u00f6ffentlicht: 1. M\u00e4rz 2017\t\t\t\t<\/div>\n\n\t\t\t\t<div class=\"su-post-excerpt\">\n\t\t\t\t\t<p>Wie wichtig gute Dialoge auch f\u00fcr Comics sind, haben wir nun schon gelernt. Nicht weniger wichtig ist es aber zu wissen, wie man die Dialogtexte eines Comics richtig r\u00fcberbringt, so dass der Leser den Comic auch gut und verst\u00e4ndlich lesen [&hellip;]<\/p>\n\t\t\t\t<\/div>\n\n\t\t\t\t\n\t\t\t<\/div>\n\n\t\t\t\t\t\n\t\t\t\n\t\t\t<div id=\"su-post-3060\" class=\"su-post \">\n\n\t\t\t\t\n\t\t\t\t<h2 class=\"su-post-title\"><a href=\"http:\/\/www.temel-art.de\/wordpress\/2017\/02\/dialoge-2-gute-dialoge\/\">Dialoge 2 Gute Dialoge<\/a><\/h2>\n\n\t\t\t\t<div class=\"su-post-meta\">\n\t\t\t\t\tVer\u00f6ffentlicht: 22. Februar 2017\t\t\t\t<\/div>\n\n\t\t\t\t<div class=\"su-post-excerpt\">\n\t\t\t\t\t<p>Interessante Dialoge schreiben ODER Kann denn die Kinder keiner lehren, wie man spricht?! Teil 2 Dass wir die Art und Weise zu sprechen unserer Figuren stark beim Schreiben der Dialoge einbeziehen sollten, haben wir jetzt gelernt. Doch dies ist nur [&hellip;]<\/p>\n\t\t\t\t<\/div>\n\n\t\t\t\t\n\t\t\t<\/div>\n\n\t\t\t\t\t\n\t\t\t\n\t\t\t<div id=\"su-post-3055\" class=\"su-post \">\n\n\t\t\t\t\n\t\t\t\t<h2 class=\"su-post-title\"><a href=\"http:\/\/www.temel-art.de\/wordpress\/2017\/02\/dialoge-1-sprache-der-figuren\/\">Dialoge 1 Sprache der Figuren<\/a><\/h2>\n\n\t\t\t\t<div class=\"su-post-meta\">\n\t\t\t\t\tVer\u00f6ffentlicht: 15. Februar 2017\t\t\t\t<\/div>\n\n\t\t\t\t<div class=\"su-post-excerpt\">\n\t\t\t\t\t<p>Interessante Dialoge schreiben ODER Kann denn die Kinder keiner lehren, wie man spricht?! Nachdem wir nun wissen, auf welche Art und Weise wir die Handlung in die Panels packen k\u00f6nnen, wie dieses zu strukturieren sind und grundlegende Begriffe f\u00fcr das [&hellip;]<\/p>\n\t\t\t\t<\/div>\n\n\t\t\t\t\n\t\t\t<\/div>\n\n\t\t\t\t\t\n\t\t\t\n\t\t\t<div id=\"su-post-3040\" class=\"su-post \">\n\n\t\t\t\t\n\t\t\t\t<h2 class=\"su-post-title\"><a href=\"http:\/\/www.temel-art.de\/wordpress\/2016\/11\/vom-plot-zum-skript-2-oder-das-paneling\/\">Vom Plot zum Skript 2 ODER Das Paneling<\/a><\/h2>\n\n\t\t\t\t<div class=\"su-post-meta\">\n\t\t\t\t\tVer\u00f6ffentlicht: 23. November 2016\t\t\t\t<\/div>\n\n\t\t\t\t<div class=\"su-post-excerpt\">\n\t\t\t\t\t<p>Ein Comic \u00fcberl\u00e4sst, anders als ein Film, dem Leser das Tempo mit dem er die Erz\u00e4hlung aufnimmt. Auch wenn die Bilder allesamt statisch sind, kann durch die Abfolge der einzelnen Bilder doch ein zeitlicher Ablauf wiedergegeben werden. Daher ist es [&hellip;]<\/p>\n\t\t\t\t<\/div>\n\n\t\t\t\t\n\t\t\t<\/div>\n\n\t\t\t\t\t\n\t\t\t\n\t\t\t<div id=\"su-post-3029\" class=\"su-post \">\n\n\t\t\t\t\n\t\t\t\t<h2 class=\"su-post-title\"><a href=\"http:\/\/www.temel-art.de\/wordpress\/2016\/11\/vom-plot-zum-skript-1-oder-kameraperspektive-und-einstellung\/\">Vom Plot zum Skript 1 ODER Kameraperspektive- und Einstellung<\/a><\/h2>\n\n\t\t\t\t<div class=\"su-post-meta\">\n\t\t\t\t\tVer\u00f6ffentlicht: 16. November 2016\t\t\t\t<\/div>\n\n\t\t\t\t<div class=\"su-post-excerpt\">\n\t\t\t\t\t<p>Allgemeines zum Vorgehen Wir haben nun den kompletten, fein ausgearbeiteten Plot f\u00fcr unsere Erz\u00e4hlung. Gratulation! Dann geht es jetzt langsam ans Eingemachte: Wir erarbeiten aus dem Plot ein Skript, eine Art Drehbuch, das schlie\u00dflich die Basis f\u00fcr die zeichnerische Umsetzung [&hellip;]<\/p>\n\t\t\t\t<\/div>\n\n\t\t\t\t\n\t\t\t<\/div>\n\n\t\t\t\t\t\n\t\t\t\n\t\t\t<div id=\"su-post-2997\" class=\"su-post \">\n\n\t\t\t\t\n\t\t\t\t<h2 class=\"su-post-title\"><a href=\"http:\/\/www.temel-art.de\/wordpress\/2016\/11\/die-handlung-schreiben-oder-was-erzaehle-ich-eigentlich\/\">Die Handlung schreiben ODER Was erz\u00e4hle ich eigentlich?<\/a><\/h2>\n\n\t\t\t\t<div class=\"su-post-meta\">\n\t\t\t\t\tVer\u00f6ffentlicht: 3. November 2016\t\t\t\t<\/div>\n\n\t\t\t\t<div class=\"su-post-excerpt\">\n\t\t\t\t\t<p>Eine grundlegende Idee zu unserem Comic haben wir bereits. Und wir haben nun auch eine Vorstellungen der M\u00f6glichkeiten, auf welche Art und Weise wir erz\u00e4hlen k\u00f6nnen. Kommen wir nun wieder zur\u00fcck zu der Frage, was wir eigentlich erz\u00e4hlen. Sprich: Wie [&hellip;]<\/p>\n\t\t\t\t<\/div>\n\n\t\t\t\t\n\t\t\t<\/div>\n\n\t\t\t\t\t\n\t\t\t\n\t\t\t<div id=\"su-post-2975\" class=\"su-post \">\n\n\t\t\t\t\n\t\t\t\t<h2 class=\"su-post-title\"><a href=\"http:\/\/www.temel-art.de\/wordpress\/2016\/10\/die-charaktere\/\">Die Charaktere<\/a><\/h2>\n\n\t\t\t\t<div class=\"su-post-meta\">\n\t\t\t\t\tVer\u00f6ffentlicht: 26. Oktober 2016\t\t\t\t<\/div>\n\n\t\t\t\t<div class=\"su-post-excerpt\">\n\t\t\t\t\t<p>Die handelnden Personen, die die Handlung in einer Geschichte erleben und vorantreiben bezeichnet man als Charaktere oder auch Figuren, um sie von &#8222;Menschen&#8220; oder &#8222;Personen&#8220; als fiktive Sch\u00f6pfungen abzugrenzen. Der Umgang mit den Figuren einer Geschichte kann sehr unterschiedlich sein, [&hellip;]<\/p>\n\t\t\t\t<\/div>\n\n\t\t\t\t\n\t\t\t<\/div>\n\n\t\t\t\t\t\n\t\t\t\n\t\t\t<div id=\"su-post-2962\" class=\"su-post \">\n\n\t\t\t\t\n\t\t\t\t<h2 class=\"su-post-title\"><a href=\"http:\/\/www.temel-art.de\/wordpress\/2016\/10\/das-erzaehlen-an-sich-wann-wird-erzaehlt-zeit-und-erzaehltempo\/\">Das Erz\u00e4hlen an sich \u201cWann&#8220; wird erz\u00e4hlt? Zeit und Erz\u00e4hltempo<\/a><\/h2>\n\n\t\t\t\t<div class=\"su-post-meta\">\n\t\t\t\t\tVer\u00f6ffentlicht: 19. Oktober 2016\t\t\t\t<\/div>\n\n\t\t\t\t<div class=\"su-post-excerpt\">\n\t\t\t\t\t<p>Genau die gleiche Geschichte kann man auf zahlreiche unterschiedliche Weisen erz\u00e4hlen. Den Unterschied, den die Wahl des Erz\u00e4hlers ausmachen kann, hatten wir ja bereits, nun widmen wir uns dem Verh\u00e4ltnis zwischen der Zeit des Geschehens und der Zeit der Erz\u00e4hlung. [&hellip;]<\/p>\n\t\t\t\t<\/div>\n\n\t\t\t\t\n\t\t\t<\/div>\n\n\t\t\t\t\t\n\t\t\t\n\t\t\t<div id=\"su-post-2953\" class=\"su-post \">\n\n\t\t\t\t\n\t\t\t\t<h2 class=\"su-post-title\"><a href=\"http:\/\/www.temel-art.de\/wordpress\/2016\/10\/das-erzaehlen-an-sich-oder-wer-erzaehlt-den-scheiss-eigentlich\/\">Das Erz\u00e4hlen an sich, wer erz\u00e4hlt den Schei\u00df eigentlich?<\/a><\/h2>\n\n\t\t\t\t<div class=\"su-post-meta\">\n\t\t\t\t\tVer\u00f6ffentlicht: 12. Oktober 2016\t\t\t\t<\/div>\n\n\t\t\t\t<div class=\"su-post-excerpt\">\n\t\t\t\t\t<p>Bevor wir so richtig drauflos schreiben oder uns gar ans Skript unseres Comics wagen, gibt es ein wenig trockene Theorie, die aber dennoch interessant und wichtig vor dem eigentlichen Schreiben ist. Denn h\u00e4ufig wachsen mit dem Bewusstsein f\u00fcr die M\u00f6glichkeiten, [&hellip;]<\/p>\n\t\t\t\t<\/div>\n\n\t\t\t\t\n\t\t\t<\/div>\n\n\t\t\t\t\t\n\t\t\t\n\t\t\t<div id=\"su-post-2895\" class=\"su-post \">\n\n\t\t\t\t\n\t\t\t\t<h2 class=\"su-post-title\"><a href=\"http:\/\/www.temel-art.de\/wordpress\/2016\/10\/aller-anfang-ist-schwer\/\">Aller Anfang ist schwer<\/a><\/h2>\n\n\t\t\t\t<div class=\"su-post-meta\">\n\t\t\t\t\tVer\u00f6ffentlicht: 5. Oktober 2016\t\t\t\t<\/div>\n\n\t\t\t\t<div class=\"su-post-excerpt\">\n\t\t\t\t\t<p>Der Anfang ist manchmal das schwierigste. Viele beginnen die ersten Arbeiten an einem Comic mit freiem Skizzieren, die ersten Bilder, grobe Charakterentw\u00fcrfe, alles, was einem zuerst in den Sinn kommt. Mancheiner schreibt auch nach der ersten z\u00fcndenden Idee sofort das [&hellip;]<\/p>\n\t\t\t\t<\/div>\n\n\t\t\t\t\n\t\t\t<\/div>\n\n\t\t\t\t\t\n\t\t\t\n\t\t\t<div id=\"su-post-2602\" class=\"su-post \">\n\n\t\t\t\t\n\t\t\t\t<h2 class=\"su-post-title\"><a href=\"http:\/\/www.temel-art.de\/wordpress\/2015\/04\/vom-traum-zum-comic-in-3-schritten\/\">Vom Traum zum Comic in 3 Schritten<\/a><\/h2>\n\n\t\t\t\t<div class=\"su-post-meta\">\n\t\t\t\t\tVer\u00f6ffentlicht: 24. April 2015\t\t\t\t<\/div>\n\n\t\t\t\t<div class=\"su-post-excerpt\">\n\t\t\t\t\t<p>Mir passiert es regelm\u00e4\u00dfig. Nicht jede Nacht, l\u00e4ngst nicht jede Nacht, aber immer mal wieder. Etwas so interessantes und besonderes tr\u00e4umen, dass es einen noch lange besch\u00e4ftigt und man eigentlich das Bed\u00fcrfnis danach hat \u201emehr\u201c daraus zu machen. Euch auch? [&hellip;]<\/p>\n\t\t\t\t<\/div>\n\n\t\t\t\t\n\t\t\t<\/div>\n\n\t\t\t\t\t\n\t\t\t\n\t\t\t<div id=\"su-post-2449\" class=\"su-post \">\n\n\t\t\t\t\n\t\t\t\t<h2 class=\"su-post-title\"><a href=\"http:\/\/www.temel-art.de\/wordpress\/2014\/11\/das-maerchen-vom-talentierten-comiczeichner-oder-ist-kunst-eine-geldfrage\/\">Das M\u00e4rchen vom talentierten Comiczeichner \u2013 Oder: Ist Kunst eine Geldfrage?<\/a><\/h2>\n\n\t\t\t\t<div class=\"su-post-meta\">\n\t\t\t\t\tVer\u00f6ffentlicht: 26. November 2014\t\t\t\t<\/div>\n\n\t\t\t\t<div class=\"su-post-excerpt\">\n\t\t\t\t\t<p>Es ist ein kalter Winterabend. Ein unerbittlicher Schneesturm fegt durch die Gassen der sonst belebten Stadt, die meisten Menschen fliehen nach drinnen und w\u00e4rmen sich mit hei\u00dfem Tee oder Suppe wieder auf. In einem der vielen H\u00e4user sitzt, wieder einmal [&hellip;]<\/p>\n\t\t\t\t<\/div>\n\n\t\t\t\t\n\t\t\t<\/div>\n\n\t\t\t\t\t\n\t\t\t\n\t\t\t<div id=\"su-post-2391\" class=\"su-post \">\n\n\t\t\t\t\n\t\t\t\t<h2 class=\"su-post-title\"><a href=\"http:\/\/www.temel-art.de\/wordpress\/2014\/10\/wie-lange-ist-richtig-fuer-ein-comic-projekt\/\">Wie lange ist richtig f\u00fcr ein Comic-Projekt? Oder: Kunst ist kein Marathonlauf<\/a><\/h2>\n\n\t\t\t\t<div class=\"su-post-meta\">\n\t\t\t\t\tVer\u00f6ffentlicht: 14. Oktober 2014\t\t\t\t<\/div>\n\n\t\t\t\t<div class=\"su-post-excerpt\">\n\t\t\t\t\t<p>Irgendwo ist der Anfang von allem. Irgendwann ist sie da. Irgendwie hat man sie pl\u00f6tzlich: Die Idee. Diese Idee, wo man denkt: \u201eDaraus m\u00fcsste ich eigentlich einen Comic\u00a0machen!\u201c Von dem allerersten Einfall bis zur Vollendung eines Werkes vergeht oftmals eine [&hellip;]<\/p>\n\t\t\t\t<\/div>\n\n\t\t\t\t\n\t\t\t<\/div>\n\n\t\t\t\t\t\n\t\t\t\n\t\t\t<div id=\"su-post-2178\" class=\"su-post \">\n\n\t\t\t\t\t\t\t\t\t<a class=\"su-post-thumbnail\" href=\"http:\/\/www.temel-art.de\/wordpress\/2014\/09\/die-qual-der-wahl-der-farben\/\"><img loading=\"lazy\" decoding=\"async\" width=\"400\" height=\"245\" src=\"http:\/\/www.temel-art.de\/wordpress\/wp-content\/uploads\/2014\/09\/Fotofarbkasten-web.jpg\" class=\"attachment-post-thumbnail size-post-thumbnail wp-post-image\" alt=\"\" srcset=\"http:\/\/www.temel-art.de\/wordpress\/wp-content\/uploads\/2014\/09\/Fotofarbkasten-web.jpg 400w, http:\/\/www.temel-art.de\/wordpress\/wp-content\/uploads\/2014\/09\/Fotofarbkasten-web-198x121.jpg 198w, http:\/\/www.temel-art.de\/wordpress\/wp-content\/uploads\/2014\/09\/Fotofarbkasten-web-300x183.jpg 300w\" sizes=\"(max-width: 400px) 100vw, 400px\" \/><\/a>\n\t\t\t\t\n\t\t\t\t<h2 class=\"su-post-title\"><a href=\"http:\/\/www.temel-art.de\/wordpress\/2014\/09\/die-qual-der-wahl-der-farben\/\">Die Qual der Wahl der Farben!<\/a><\/h2>\n\n\t\t\t\t<div class=\"su-post-meta\">\n\t\t\t\t\tVer\u00f6ffentlicht: 3. September 2014\t\t\t\t<\/div>\n\n\t\t\t\t<div class=\"su-post-excerpt\">\n\t\t\t\t\t<p>Ungef\u00e4hr 20 Millionen Farben kann der Mensch unterscheiden. Wenn man sich als K\u00fcnstler jeder Art mit der Frage besch\u00e4ftigt: Wie gebe ich meinem Werk Farbe? Steht man also vor einer wirklich schwierigen Entscheidung. Zun\u00e4chst einmal stehen einem mehrere Arten der [&hellip;]<\/p>\n\t\t\t\t<\/div>\n\n\t\t\t\t\n\t\t\t<\/div>\n\n\t\t\n\t\n<\/div>\n\n","protected":false},"excerpt":{"rendered":"Ungef\u00e4hr 20 Millionen Farben kann der Mensch unterscheiden. Wenn man sich als K\u00fcnstler jeder Art mit der Frage besch\u00e4ftigt: Wie gebe ich meinem Werk Farbe? Steht man also vor einer wirklich schwierigen Entscheidung. Zun\u00e4chst einmal stehen einem mehrere Arten der [...]","protected":false},"author":1,"featured_media":0,"parent":0,"menu_order":0,"comment_status":"closed","ping_status":"open","template":"","meta":{"footnotes":""},"post_mailing_queue_ids":[],"_links":{"self":[{"href":"http:\/\/www.temel-art.de\/wordpress\/wp-json\/wp\/v2\/pages\/2288"}],"collection":[{"href":"http:\/\/www.temel-art.de\/wordpress\/wp-json\/wp\/v2\/pages"}],"about":[{"href":"http:\/\/www.temel-art.de\/wordpress\/wp-json\/wp\/v2\/types\/page"}],"author":[{"embeddable":true,"href":"http:\/\/www.temel-art.de\/wordpress\/wp-json\/wp\/v2\/users\/1"}],"replies":[{"embeddable":true,"href":"http:\/\/www.temel-art.de\/wordpress\/wp-json\/wp\/v2\/comments?post=2288"}],"version-history":[{"count":17,"href":"http:\/\/www.temel-art.de\/wordpress\/wp-json\/wp\/v2\/pages\/2288\/revisions"}],"predecessor-version":[{"id":3154,"href":"http:\/\/www.temel-art.de\/wordpress\/wp-json\/wp\/v2\/pages\/2288\/revisions\/3154"}],"wp:attachment":[{"href":"http:\/\/www.temel-art.de\/wordpress\/wp-json\/wp\/v2\/media?parent=2288"}],"curies":[{"name":"wp","href":"https:\/\/api.w.org\/{rel}","templated":true}]}}