{"id":2933,"date":"2016-08-23T16:31:52","date_gmt":"2016-08-23T14:31:52","guid":{"rendered":"http:\/\/www.temel-art.de\/wordpress\/?page_id=2933"},"modified":"2018-05-03T09:57:27","modified_gmt":"2018-05-03T07:57:27","slug":"wie-schreibt-man-einen-comic","status":"publish","type":"page","link":"http:\/\/www.temel-art.de\/wordpress\/wie-schreibt-man-einen-comic\/","title":{"rendered":"Wie schreibt man einen COMIC?"},"content":{"rendered":"<p><img loading=\"lazy\" decoding=\"async\" class=\"aligncenter size-full wp-image-2934\" src=\"http:\/\/www.temel-art.de\/wordpress\/wp-content\/uploads\/2016\/08\/header-comicsschreiben.png\" alt=\"header-comicsschreiben\" width=\"700\" height=\"261\" srcset=\"http:\/\/www.temel-art.de\/wordpress\/wp-content\/uploads\/2016\/08\/header-comicsschreiben.png 700w, http:\/\/www.temel-art.de\/wordpress\/wp-content\/uploads\/2016\/08\/header-comicsschreiben-198x74.png 198w, http:\/\/www.temel-art.de\/wordpress\/wp-content\/uploads\/2016\/08\/header-comicsschreiben-300x112.png 300w\" sizes=\"(max-width: 700px) 100vw, 700px\" \/><\/p>\n<p><strong>Anleitungen<\/strong> zum Thema \u201e<em>Wie zeichne ich einen Comic?<\/em>\u201c gibt es zahlreiche. Gute, weniger gute, einfache, komplexe, Anleitungen f\u00fcr Cartoons oder eher l\u00e4ngere Geschichten, englisch oder deutsch, kurz die Auswahl ist gro\u00df.<br \/>\nBevor\u00a0man sich\u00a0aber ans Zeichnen wagt, <strong>wie schreibt man\u00a0denn nun einen guten Comic?<\/strong>\u00a0Abgesehen von den Zeichnungen, die in wie auch immer gearteter Weise folgen werden, was muss ich beim Schreiben beachten? Wie mache ich \u00fcberhaupt den Anfang? Wie gehe ich danach weiter vor? Was unterscheidet das Schreiben eines Comics von anderen Arten des Schreibens?<\/p>\n<p>Ich wollte schon l\u00e4nger eine Anleitung zum Schreiben von Comics verfassen, die ich selber immer gerne gelesen h\u00e4tte. Es muss dennoch jeder seinen eigenen Weg zum Schreiben eines zufrieden stellenden Comics finden, aber vielleicht kann ich besonders <strong>Anf\u00e4ngern<\/strong> einige <strong>Tipps und Hilfen<\/strong> mit auf den Weg geben.<\/p>\n<p>Beginnen werde ich mit dem ganz groben Anf\u00e4ngen, dem Zusammentragen der Story, dem <strong>Plotten<\/strong>, Tipps zum tats\u00e4chlichen <strong>Erz\u00e4hlen<\/strong>, weitergehen \u00fcber das <strong>Schreiben des Skriptes<\/strong> und der <strong>Dialoge<\/strong> bis hin zum (textlichen) Feinschliff und auch noch Themen wie Sprechblasen und\u00a0Lettering.<br \/>\nWenn etwas nicht klar wird, fragt gerne direkt bei mir nach: <a href=\"mailto:thekla@temel-art.de\">thekla(at)temel-art.de<\/a><\/p>\n<p>&nbsp;<\/p>\n<div class=\"su-heading su-heading-style-default su-heading-align-left\" id=\"\" style=\"font-size:19px;margin-bottom:20px\"><div class=\"su-heading-inner\"><span style=\"color: #333399;\"><strong>Plotten<\/strong><\/span><\/div><\/div>\n<div class=\"su-spacer\" style=\"height:20px\"><\/div>\n\n\n<div class=\"su-posts su-posts-default-loop \">\n\n\t\n\t\t\t\t\t\n\t\t\t\n\t\t\t<div id=\"su-post-2895\" class=\"su-post \">\n\n\t\t\t\t\n\t\t\t\t<h2 class=\"su-post-title\"><a href=\"http:\/\/www.temel-art.de\/wordpress\/2016\/10\/aller-anfang-ist-schwer\/\">Aller Anfang ist schwer<\/a><\/h2>\n\n\t\t\t\t<div class=\"su-post-meta\">\n\t\t\t\t\tVer\u00f6ffentlicht: 5. Oktober 2016\t\t\t\t<\/div>\n\n\t\t\t\t<div class=\"su-post-excerpt\">\n\t\t\t\t\t<p>Der Anfang ist manchmal das schwierigste. Viele beginnen die ersten Arbeiten an einem Comic mit freiem Skizzieren, die ersten Bilder, grobe Charakterentw\u00fcrfe, alles, was einem zuerst in den Sinn kommt. Mancheiner schreibt auch nach der ersten z\u00fcndenden Idee sofort das [&hellip;]<\/p>\n\t\t\t\t<\/div>\n\n\t\t\t\t\n\t\t\t<\/div>\n\n\t\t\t\t\t\n\t\t\t\n\t\t\t<div id=\"su-post-2953\" class=\"su-post \">\n\n\t\t\t\t\n\t\t\t\t<h2 class=\"su-post-title\"><a href=\"http:\/\/www.temel-art.de\/wordpress\/2016\/10\/das-erzaehlen-an-sich-oder-wer-erzaehlt-den-scheiss-eigentlich\/\">Das Erz\u00e4hlen an sich, wer erz\u00e4hlt den Schei\u00df eigentlich?<\/a><\/h2>\n\n\t\t\t\t<div class=\"su-post-meta\">\n\t\t\t\t\tVer\u00f6ffentlicht: 12. Oktober 2016\t\t\t\t<\/div>\n\n\t\t\t\t<div class=\"su-post-excerpt\">\n\t\t\t\t\t<p>Bevor wir so richtig drauflos schreiben oder uns gar ans Skript unseres Comics wagen, gibt es ein wenig trockene Theorie, die aber dennoch interessant und wichtig vor dem eigentlichen Schreiben ist. Denn h\u00e4ufig wachsen mit dem Bewusstsein f\u00fcr die M\u00f6glichkeiten, [&hellip;]<\/p>\n\t\t\t\t<\/div>\n\n\t\t\t\t\n\t\t\t<\/div>\n\n\t\t\t\t\t\n\t\t\t\n\t\t\t<div id=\"su-post-2962\" class=\"su-post \">\n\n\t\t\t\t\n\t\t\t\t<h2 class=\"su-post-title\"><a href=\"http:\/\/www.temel-art.de\/wordpress\/2016\/10\/das-erzaehlen-an-sich-wann-wird-erzaehlt-zeit-und-erzaehltempo\/\">Das Erz\u00e4hlen an sich \u201cWann&#8220; wird erz\u00e4hlt? Zeit und Erz\u00e4hltempo<\/a><\/h2>\n\n\t\t\t\t<div class=\"su-post-meta\">\n\t\t\t\t\tVer\u00f6ffentlicht: 19. Oktober 2016\t\t\t\t<\/div>\n\n\t\t\t\t<div class=\"su-post-excerpt\">\n\t\t\t\t\t<p>Genau die gleiche Geschichte kann man auf zahlreiche unterschiedliche Weisen erz\u00e4hlen. Den Unterschied, den die Wahl des Erz\u00e4hlers ausmachen kann, hatten wir ja bereits, nun widmen wir uns dem Verh\u00e4ltnis zwischen der Zeit des Geschehens und der Zeit der Erz\u00e4hlung. [&hellip;]<\/p>\n\t\t\t\t<\/div>\n\n\t\t\t\t\n\t\t\t<\/div>\n\n\t\t\t\t\t\n\t\t\t\n\t\t\t<div id=\"su-post-2975\" class=\"su-post \">\n\n\t\t\t\t\n\t\t\t\t<h2 class=\"su-post-title\"><a href=\"http:\/\/www.temel-art.de\/wordpress\/2016\/10\/die-charaktere\/\">Die Charaktere<\/a><\/h2>\n\n\t\t\t\t<div class=\"su-post-meta\">\n\t\t\t\t\tVer\u00f6ffentlicht: 26. Oktober 2016\t\t\t\t<\/div>\n\n\t\t\t\t<div class=\"su-post-excerpt\">\n\t\t\t\t\t<p>Die handelnden Personen, die die Handlung in einer Geschichte erleben und vorantreiben bezeichnet man als Charaktere oder auch Figuren, um sie von &#8222;Menschen&#8220; oder &#8222;Personen&#8220; als fiktive Sch\u00f6pfungen abzugrenzen. Der Umgang mit den Figuren einer Geschichte kann sehr unterschiedlich sein, [&hellip;]<\/p>\n\t\t\t\t<\/div>\n\n\t\t\t\t\n\t\t\t<\/div>\n\n\t\t\t\t\t\n\t\t\t\n\t\t\t<div id=\"su-post-2997\" class=\"su-post \">\n\n\t\t\t\t\n\t\t\t\t<h2 class=\"su-post-title\"><a href=\"http:\/\/www.temel-art.de\/wordpress\/2016\/11\/die-handlung-schreiben-oder-was-erzaehle-ich-eigentlich\/\">Die Handlung schreiben ODER Was erz\u00e4hle ich eigentlich?<\/a><\/h2>\n\n\t\t\t\t<div class=\"su-post-meta\">\n\t\t\t\t\tVer\u00f6ffentlicht: 3. November 2016\t\t\t\t<\/div>\n\n\t\t\t\t<div class=\"su-post-excerpt\">\n\t\t\t\t\t<p>Eine grundlegende Idee zu unserem Comic haben wir bereits. Und wir haben nun auch eine Vorstellungen der M\u00f6glichkeiten, auf welche Art und Weise wir erz\u00e4hlen k\u00f6nnen. Kommen wir nun wieder zur\u00fcck zu der Frage, was wir eigentlich erz\u00e4hlen. Sprich: Wie [&hellip;]<\/p>\n\t\t\t\t<\/div>\n\n\t\t\t\t\n\t\t\t<\/div>\n\n\t\t\n\t\n<\/div>\n\n<div class=\"su-heading su-heading-style-default su-heading-align-left\" id=\"\" style=\"font-size:19px;margin-bottom:20px\"><div class=\"su-heading-inner\"><span style=\"color: #333399;\"><strong>Skript schreiben<\/strong><\/span><\/div><\/div>\n<div class=\"su-spacer\" style=\"height:20px\"><\/div>\n\n\n<div class=\"su-posts su-posts-default-loop \">\n\n\t\n\t\t\t\t\t\n\t\t\t\n\t\t\t<div id=\"su-post-3029\" class=\"su-post \">\n\n\t\t\t\t\n\t\t\t\t<h2 class=\"su-post-title\"><a href=\"http:\/\/www.temel-art.de\/wordpress\/2016\/11\/vom-plot-zum-skript-1-oder-kameraperspektive-und-einstellung\/\">Vom Plot zum Skript 1 ODER Kameraperspektive- und Einstellung<\/a><\/h2>\n\n\t\t\t\t<div class=\"su-post-meta\">\n\t\t\t\t\tVer\u00f6ffentlicht: 16. November 2016\t\t\t\t<\/div>\n\n\t\t\t\t<div class=\"su-post-excerpt\">\n\t\t\t\t\t<p>Allgemeines zum Vorgehen Wir haben nun den kompletten, fein ausgearbeiteten Plot f\u00fcr unsere Erz\u00e4hlung. Gratulation! Dann geht es jetzt langsam ans Eingemachte: Wir erarbeiten aus dem Plot ein Skript, eine Art Drehbuch, das schlie\u00dflich die Basis f\u00fcr die zeichnerische Umsetzung [&hellip;]<\/p>\n\t\t\t\t<\/div>\n\n\t\t\t\t\n\t\t\t<\/div>\n\n\t\t\t\t\t\n\t\t\t\n\t\t\t<div id=\"su-post-3040\" class=\"su-post \">\n\n\t\t\t\t\n\t\t\t\t<h2 class=\"su-post-title\"><a href=\"http:\/\/www.temel-art.de\/wordpress\/2016\/11\/vom-plot-zum-skript-2-oder-das-paneling\/\">Vom Plot zum Skript 2 ODER Das Paneling<\/a><\/h2>\n\n\t\t\t\t<div class=\"su-post-meta\">\n\t\t\t\t\tVer\u00f6ffentlicht: 23. November 2016\t\t\t\t<\/div>\n\n\t\t\t\t<div class=\"su-post-excerpt\">\n\t\t\t\t\t<p>Ein Comic \u00fcberl\u00e4sst, anders als ein Film, dem Leser das Tempo mit dem er die Erz\u00e4hlung aufnimmt. Auch wenn die Bilder allesamt statisch sind, kann durch die Abfolge der einzelnen Bilder doch ein zeitlicher Ablauf wiedergegeben werden. Daher ist es [&hellip;]<\/p>\n\t\t\t\t<\/div>\n\n\t\t\t\t\n\t\t\t<\/div>\n\n\t\t\t\t\t\n\t\t\t\n\t\t\t<div id=\"su-post-3055\" class=\"su-post \">\n\n\t\t\t\t\n\t\t\t\t<h2 class=\"su-post-title\"><a href=\"http:\/\/www.temel-art.de\/wordpress\/2017\/02\/dialoge-1-sprache-der-figuren\/\">Dialoge 1 Sprache der Figuren<\/a><\/h2>\n\n\t\t\t\t<div class=\"su-post-meta\">\n\t\t\t\t\tVer\u00f6ffentlicht: 15. Februar 2017\t\t\t\t<\/div>\n\n\t\t\t\t<div class=\"su-post-excerpt\">\n\t\t\t\t\t<p>Interessante Dialoge schreiben ODER Kann denn die Kinder keiner lehren, wie man spricht?! Nachdem wir nun wissen, auf welche Art und Weise wir die Handlung in die Panels packen k\u00f6nnen, wie dieses zu strukturieren sind und grundlegende Begriffe f\u00fcr das [&hellip;]<\/p>\n\t\t\t\t<\/div>\n\n\t\t\t\t\n\t\t\t<\/div>\n\n\t\t\t\t\t\n\t\t\t\n\t\t\t<div id=\"su-post-3060\" class=\"su-post \">\n\n\t\t\t\t\n\t\t\t\t<h2 class=\"su-post-title\"><a href=\"http:\/\/www.temel-art.de\/wordpress\/2017\/02\/dialoge-2-gute-dialoge\/\">Dialoge 2 Gute Dialoge<\/a><\/h2>\n\n\t\t\t\t<div class=\"su-post-meta\">\n\t\t\t\t\tVer\u00f6ffentlicht: 22. Februar 2017\t\t\t\t<\/div>\n\n\t\t\t\t<div class=\"su-post-excerpt\">\n\t\t\t\t\t<p>Interessante Dialoge schreiben ODER Kann denn die Kinder keiner lehren, wie man spricht?! Teil 2 Dass wir die Art und Weise zu sprechen unserer Figuren stark beim Schreiben der Dialoge einbeziehen sollten, haben wir jetzt gelernt. Doch dies ist nur [&hellip;]<\/p>\n\t\t\t\t<\/div>\n\n\t\t\t\t\n\t\t\t<\/div>\n\n\t\t\n\t\n<\/div>\n\n<div class=\"su-heading su-heading-style-default su-heading-align-left\" id=\"\" style=\"font-size:19px;margin-bottom:20px\"><div class=\"su-heading-inner\"><span style=\"color: #333399;\"><strong>Storyboarden<\/strong><\/span><\/div><\/div>\n<div class=\"su-spacer\" style=\"height:20px\"><\/div>\n\n\n<div class=\"su-posts su-posts-default-loop \">\n\n\t\n\t\t\t\t\t\n\t\t\t\n\t\t\t<div id=\"su-post-3064\" class=\"su-post \">\n\n\t\t\t\t\n\t\t\t\t<h2 class=\"su-post-title\"><a href=\"http:\/\/www.temel-art.de\/wordpress\/2017\/03\/sprechblasen-und-lettering\/\">Sprechblasen und Lettering<\/a><\/h2>\n\n\t\t\t\t<div class=\"su-post-meta\">\n\t\t\t\t\tVer\u00f6ffentlicht: 1. M\u00e4rz 2017\t\t\t\t<\/div>\n\n\t\t\t\t<div class=\"su-post-excerpt\">\n\t\t\t\t\t<p>Wie wichtig gute Dialoge auch f\u00fcr Comics sind, haben wir nun schon gelernt. Nicht weniger wichtig ist es aber zu wissen, wie man die Dialogtexte eines Comics richtig r\u00fcberbringt, so dass der Leser den Comic auch gut und verst\u00e4ndlich lesen [&hellip;]<\/p>\n\t\t\t\t<\/div>\n\n\t\t\t\t\n\t\t\t<\/div>\n\n\t\t\n\t\n<\/div>\n\n<div class=\"su-heading su-heading-style-default su-heading-align-left\" id=\"\" style=\"font-size:19px;margin-bottom:20px\"><div class=\"su-heading-inner\"><span style=\"color: #333399;\"><strong>Diverses<\/strong><\/span><\/div><\/div>\n","protected":false},"excerpt":{"rendered":"<p>Anleitungen zum Thema \u201eWie zeichne ich einen Comic?\u201c gibt es zahlreiche. Gute, weniger gute, einfache, komplexe, Anleitungen f\u00fcr Cartoons oder eher l\u00e4ngere Geschichten, englisch oder deutsch, kurz die Auswahl ist gro\u00df. Bevor\u00a0man sich\u00a0aber ans Zeichnen wagt, wie schreibt man\u00a0denn nun [&hellip;]<\/p>\n","protected":false},"author":1,"featured_media":0,"parent":0,"menu_order":0,"comment_status":"closed","ping_status":"closed","template":"","meta":{"footnotes":""},"post_mailing_queue_ids":[],"_links":{"self":[{"href":"http:\/\/www.temel-art.de\/wordpress\/wp-json\/wp\/v2\/pages\/2933"}],"collection":[{"href":"http:\/\/www.temel-art.de\/wordpress\/wp-json\/wp\/v2\/pages"}],"about":[{"href":"http:\/\/www.temel-art.de\/wordpress\/wp-json\/wp\/v2\/types\/page"}],"author":[{"embeddable":true,"href":"http:\/\/www.temel-art.de\/wordpress\/wp-json\/wp\/v2\/users\/1"}],"replies":[{"embeddable":true,"href":"http:\/\/www.temel-art.de\/wordpress\/wp-json\/wp\/v2\/comments?post=2933"}],"version-history":[{"count":19,"href":"http:\/\/www.temel-art.de\/wordpress\/wp-json\/wp\/v2\/pages\/2933\/revisions"}],"predecessor-version":[{"id":3081,"href":"http:\/\/www.temel-art.de\/wordpress\/wp-json\/wp\/v2\/pages\/2933\/revisions\/3081"}],"wp:attachment":[{"href":"http:\/\/www.temel-art.de\/wordpress\/wp-json\/wp\/v2\/media?parent=2933"}],"curies":[{"name":"wp","href":"https:\/\/api.w.org\/{rel}","templated":true}]}}