{"id":470,"date":"2011-11-15T15:12:28","date_gmt":"2011-11-15T15:12:28","guid":{"rendered":"http:\/\/www.temel-art.de\/wordpress\/?page_id=470"},"modified":"2018-05-03T09:57:27","modified_gmt":"2018-05-03T07:57:27","slug":"wohlstand","status":"publish","type":"page","link":"http:\/\/www.temel-art.de\/wordpress\/wohlstand\/","title":{"rendered":"WOHLSTAND"},"content":{"rendered":"<p>Auf dieser Seite m\u00f6chte ich euch ein paar Informationen zu meinem im Februar 2013 ver\u00f6ffentlichen ersten Comicalbum WOHLSTAND geben.<\/p>\n<p>Das wichtigste zuerst, anders als mein Webcomic ist WOHLSTAND ein ernster und nachdenklicher Comic. Und er ist b\u00f6se, mit vielen Anspielungen auf die Realit\u00e4t und die heutigen Zust\u00e4nde, er wird gesellschaftskritisch und schwierig. Von den Zeichnungen her ist er recht aufw\u00e4ndig, ich koloriere und tusche von Hand, auf Din A3 und das ganze 56 Seiten lang. Hier f\u00fcr euch eine Zusammenfassung der Handlung:<\/p>\n<p><em>DU BIST NUR SOVIEL WERT, WIE DU LEISTEST (WSB)<\/em><\/p>\n<p><em>2033 &#8211; Nach einer schweren Staatsinsolvenz wurde ein neues System zur Rettung des Staates eingef\u00fchrt. Fortan werden die Arbeitsleistungen der Menschen in sogenannten Leistungspunkten von der Wohlstands-Sicherungs-Beh\u00f6rde (kurz WSB) erfasst. Jeder Mensch bekommt mit der Geburt einen Chip eingepflanzt der diese Punkte und s\u00e4mtliche andere Daten speichert. Menschen mit wenig Leistungspunkten werden mit Sanktionen bestraft und schlie\u00dflich aufgefordert, sich in Thanatoszentren selbst zum Wohle der Gesellschaft das Leben zu nehmen. Kommen sie dem nicht nach, k\u00f6nnen sie durch den implantierten Chip mit einer t\u00f6dlichen Giftkapsel auch aus gro\u00dfer Entfernung umgebracht werden \u2013 zum Schutz der Bev\u00f6lkerung.<\/em><\/p>\n<p><em>Mirabelle Rapace leidet unter diesem System, das sich nicht f\u00fcr den Wert des Menschen an sich, sondern nur f\u00fcr den Wert seiner Wirtschaftskraft interessiert. In dieser Gesellschaft wird das Leben immer schwieriger und dann kommt es zur Eskalation \u2026<\/em><\/p>\n<p>Und hier noch einige WIP (Work in Progress)-Bilder vom Arbeiten an dem Ganzen.<\/p>\n<p>Das fertige Werk gibt es nat\u00fcrlich weiterhin zu kaufen oder zu\u00a0<a href=\"http:\/\/www.epsilongrafix.de\/index.php?page=shop.product_details&amp;flypage=flypage.tpl&amp;product_id=495&amp;category_id=75&amp;option=com_virtuemart&amp;Itemid=135\">bestellen<\/a>. :-)<\/p>\n<p style=\"text-align: center;\"><a href=\"http:\/\/www.temel-art.de\/wordpress\/wp-content\/uploads\/2011\/11\/IMG_1146.jpg\"><img loading=\"lazy\" decoding=\"async\" class=\" wp-image-516 alignleft\" title=\"IMG_1146\" src=\"http:\/\/www.temel-art.de\/wordpress\/wp-content\/uploads\/2011\/11\/IMG_1146-223x300.jpg\" alt=\"\" width=\"156\" height=\"210\" srcset=\"http:\/\/www.temel-art.de\/wordpress\/wp-content\/uploads\/2011\/11\/IMG_1146-223x300.jpg 223w, http:\/\/www.temel-art.de\/wordpress\/wp-content\/uploads\/2011\/11\/IMG_1146.jpg 373w\" sizes=\"(max-width: 156px) 100vw, 156px\" \/><\/a><a href=\"http:\/\/www.temel-art.de\/wordpress\/wp-content\/uploads\/2011\/11\/IMG_1122.jpg\"><img loading=\"lazy\" decoding=\"async\" class=\"wp-image-493 alignleft\" title=\"IMG_1122\" src=\"http:\/\/www.temel-art.de\/wordpress\/wp-content\/uploads\/2011\/11\/IMG_1122-223x300.jpg\" alt=\"\" width=\"156\" height=\"210\" srcset=\"http:\/\/www.temel-art.de\/wordpress\/wp-content\/uploads\/2011\/11\/IMG_1122-223x300.jpg 223w, http:\/\/www.temel-art.de\/wordpress\/wp-content\/uploads\/2011\/11\/IMG_1122.jpg 373w\" sizes=\"(max-width: 156px) 100vw, 156px\" \/><\/a><a href=\"http:\/\/www.temel-art.de\/wordpress\/wp-content\/uploads\/2011\/11\/IMG_1238.jpg\"><img loading=\"lazy\" decoding=\"async\" class=\"wp-image-588 alignleft\" title=\"IMG_1238\" src=\"http:\/\/www.temel-art.de\/wordpress\/wp-content\/uploads\/2011\/11\/IMG_1238-300x224.jpg\" alt=\"\" width=\"210\" height=\"157\" srcset=\"http:\/\/www.temel-art.de\/wordpress\/wp-content\/uploads\/2011\/11\/IMG_1238-300x224.jpg 300w, http:\/\/www.temel-art.de\/wordpress\/wp-content\/uploads\/2011\/11\/IMG_1238.jpg 518w\" sizes=\"(max-width: 210px) 100vw, 210px\" \/><\/a><a href=\"http:\/\/www.temel-art.de\/wordpress\/wp-content\/uploads\/2011\/11\/IMG_1116.jpg\"><img loading=\"lazy\" decoding=\"async\" class=\"wp-image-491 alignleft\" title=\"IMG_1116\" src=\"http:\/\/www.temel-art.de\/wordpress\/wp-content\/uploads\/2011\/11\/IMG_1116-300x223.jpg\" alt=\"\" width=\"210\" height=\"156\" srcset=\"http:\/\/www.temel-art.de\/wordpress\/wp-content\/uploads\/2011\/11\/IMG_1116-300x223.jpg 300w, http:\/\/www.temel-art.de\/wordpress\/wp-content\/uploads\/2011\/11\/IMG_1116.jpg 500w\" sizes=\"(max-width: 210px) 100vw, 210px\" \/><\/a><\/p>\n","protected":false},"excerpt":{"rendered":"<p>Auf dieser Seite m\u00f6chte ich euch ein paar Informationen zu meinem im Februar 2013 ver\u00f6ffentlichen ersten Comicalbum WOHLSTAND geben. Das wichtigste zuerst, anders als mein Webcomic ist WOHLSTAND ein ernster und nachdenklicher Comic. Und er ist b\u00f6se, mit vielen Anspielungen [&hellip;]<\/p>\n","protected":false},"author":1,"featured_media":0,"parent":0,"menu_order":2,"comment_status":"closed","ping_status":"open","template":"","meta":{"footnotes":""},"post_mailing_queue_ids":[],"_links":{"self":[{"href":"http:\/\/www.temel-art.de\/wordpress\/wp-json\/wp\/v2\/pages\/470"}],"collection":[{"href":"http:\/\/www.temel-art.de\/wordpress\/wp-json\/wp\/v2\/pages"}],"about":[{"href":"http:\/\/www.temel-art.de\/wordpress\/wp-json\/wp\/v2\/types\/page"}],"author":[{"embeddable":true,"href":"http:\/\/www.temel-art.de\/wordpress\/wp-json\/wp\/v2\/users\/1"}],"replies":[{"embeddable":true,"href":"http:\/\/www.temel-art.de\/wordpress\/wp-json\/wp\/v2\/comments?post=470"}],"version-history":[{"count":19,"href":"http:\/\/www.temel-art.de\/wordpress\/wp-json\/wp\/v2\/pages\/470\/revisions"}],"predecessor-version":[{"id":2235,"href":"http:\/\/www.temel-art.de\/wordpress\/wp-json\/wp\/v2\/pages\/470\/revisions\/2235"}],"wp:attachment":[{"href":"http:\/\/www.temel-art.de\/wordpress\/wp-json\/wp\/v2\/media?parent=470"}],"curies":[{"name":"wp","href":"https:\/\/api.w.org\/{rel}","templated":true}]}}