{"id":3218,"date":"2017-07-08T09:59:55","date_gmt":"2017-07-08T09:59:55","guid":{"rendered":"http:\/\/localhost\/olio\/?page_id=108"},"modified":"2024-01-03T11:14:32","modified_gmt":"2024-01-03T10:14:32","slug":"resume","status":"publish","type":"page","link":"https:\/\/www.temel-art.de\/wordpress\/","title":{"rendered":"Resume"},"content":{"rendered":"<div class=\"wpb-content-wrapper\">[vc_section][vc_row][vc_column]                <section class=\"hero agency-hero\" style=\"background: url(http:\/\/www.temel-art.de\/wordpress\/wp-content\/uploads\/2018\/11\/temel2018-hg-theme-rgb.jpg) center center\/cover no-repeat local;\r\n\">\r\n            <div class=\"container\">\r\n                <div class=\"personal-pic\">\r\n                    <img decoding=\"async\" src=\"http:\/\/www.temel-art.de\/wordpress\/wp-content\/uploads\/2018\/12\/tml-290x290.jpg\" alt class=\"img img-responsive\">\r\n                <\/div>\r\n                <h2>Thekla Barck<\/h2>\r\n                <div>                   \r\n                    <h1>Onlineprojekte  <span class=\"typed-element\"><\/span><\/h1>\r\n                    <div class=\"typed-strings\">\r\n                        Consulting\r\n\r\nDesign                    <\/div>\r\n                <\/div>\r\n                <ul class=\"social-links\"><li>\r\n                                <a href=\"\"><i class=\"\"><\/i><\/a>\r\n    \t                  <\/li><\/ul>            <\/div> <!-- end container -->\r\n        <\/section>\r\n        \r\n        [\/vc_column][\/vc_row][\/vc_section][vc_section el_class=&#8220;about-me&#8220; css=&#8220;.vc_custom_1543161320072{padding-top: 50px !important;padding-bottom: 20px !important;}&#8220; el_id=&#8220;about&#8220;][vc_row el_class=&#8220;container&#8220;][vc_column]<div class=\"section-title\">\r\n                    <h2>\u00dcber mich<\/h2>\r\n                    \r\n                    <\/div>[\/vc_column][\/vc_row][vc_row el_class=&#8220;container&#8220;][vc_column width=&#8220;1\/2&#8243; el_class=&#8220;left-col&#8220;]<div class=\"inner\">\r\n                            <h3>Vom Konzept zur Umsetzung<\/h3>\r\n                            <p>Ein Werbe-Projekt zu verwirklichen umfasst nicht nur die visuelle Umsetzung. Ideenfindung, Konzeption und eine strukturierte Vorgehensweise sind ebenfalls notwendig.<\/p>\n<p>Egal ob Sie einen Onlineshop, ein Webprojekt oder Marketingaktionen mit Newslettern oder Bannerkampagnen angehen wollen \u2013\u00a0ich begleite Sie von der allerersten Konzeption und Beratung angefangen \u00fcber den Prozess der Erstellung bis hin zur regelm\u00e4\u00dfigen Nachbetreuung. Zus\u00e4tzlich zu meiner mehrj\u00e4hrigen Erfahrung habe ich zahlreiche weitere F\u00e4higkeiten, sowie viele, umfassende Programmkenntnisse, um Sie bei Ihrem Projekt zu unterst\u00fctzen.<\/p><div class=\"signature\">\r\n                                <img decoding=\"async\" src=\"https:\/\/www.temel-art.de\/wordpress\/wp-content\/uploads\/2019\/12\/signatur-120.png\" alt>\r\n                            <\/div><\/div>[\/vc_column][vc_column width=&#8220;5\/12&#8243; offset=&#8220;vc_col-lg-offset-1&#8243; el_class=&#8220;right-col&#8220;]<div class=\"skills\">\r\n                <div class=\"skill\">\r\n                    <h6>Grafikdesign und Comiczeichnen<\/h6>\r\n                    <div class=\"progress\">\r\n                        <div class=\"progress-bar\" data-percent=\"100\"><\/div>\r\n                    <\/div>\r\n                <\/div><div class=\"skill\">\r\n                    <h6>Adobe Photoshop, InDesign, Illustrator, After Effects<\/h6>\r\n                    <div class=\"progress\">\r\n                        <div class=\"progress-bar\" data-percent=\"95\"><\/div>\r\n                    <\/div>\r\n                <\/div><div class=\"skill\">\r\n                    <h6>E-Commerce \u2013 Shopware 5 & 6 sowie Magento<\/h6>\r\n                    <div class=\"progress\">\r\n                        <div class=\"progress-bar\" data-percent=\"95\"><\/div>\r\n                    <\/div>\r\n                <\/div><div class=\"skill\">\r\n                    <h6>JIRA\/Confluence\/Trello<\/h6>\r\n                    <div class=\"progress\">\r\n                        <div class=\"progress-bar\" data-percent=\"95\"><\/div>\r\n                    <\/div>\r\n                <\/div><div class=\"skill\">\r\n                    <h6>HTML und CSS<\/h6>\r\n                    <div class=\"progress\">\r\n                        <div class=\"progress-bar\" data-percent=\"90\"><\/div>\r\n                    <\/div>\r\n                <\/div><div class=\"skill\">\r\n                    <h6>Wordpress<\/h6>\r\n                    <div class=\"progress\">\r\n                        <div class=\"progress-bar\" data-percent=\"90\"><\/div>\r\n                    <\/div>\r\n                <\/div><div class=\"skill\">\r\n                    <h6>typo3<\/h6>\r\n                    <div class=\"progress\">\r\n                        <div class=\"progress-bar\" data-percent=\"80\"><\/div>\r\n                    <\/div>\r\n                <\/div>\r\n        \t\t<\/div>[\/vc_column][\/vc_row][\/vc_section][vc_section el_id=&#8220;services&#8220; css=&#8220;.vc_custom_1552645682882{padding-top: 50px !important;padding-bottom: 50px !important;background-color: #f4f4f4 !important;}&#8220; el_class=&#8220;agency-services&#8220;][vc_row bg_style=&#8220;#ededed&#8220; el_class=&#8220;container&#8220;][vc_column el_class=&#8220;agency-grids&#8220;]<div class=\"section-title\">\r\n                    <h2>Leistungen<\/h2>\r\n                    \r\n                    <\/div><div class=\"col col-md-4 wow fadeInLeftSlow\">\r\n                        <div class=\"grid\">\r\n                            <div class=\"icon\">\r\n                                <img decoding=\"async\" src=\"https:\/\/www.temel-art.de\/wordpress\/wp-content\/uploads\/2019\/03\/buttons-leistungen-konzept-90x90.png\" alt>\r\n                            <\/div>\r\n                            <h3>Projektmanagement | Konzept<\/h3>\r\n                            <p>Nicht nur das Ergebnis z\u00e4hlt, sondern auch wie man es erreicht. Sie wollen ein Konzept f\u00fcr ein Projekt ausarbeiten und stehen noch am Anfang? Ich begleite Sie auf dem Weg und arbeite mit Ihnen die Details bis zum fertigen Konzept aus und auch gerne dar\u00fcber hinaus.<\/p>\r\n                        <\/div>\r\n                    <\/div><div class=\"col col-md-4 wow fadeInLeftSlow\">\r\n                        <div class=\"grid\">\r\n                            <div class=\"icon\">\r\n                                <img decoding=\"async\" src=\"https:\/\/www.temel-art.de\/wordpress\/wp-content\/uploads\/2019\/12\/buttons-leistungen-seo-90x90-1.png\" alt>\r\n                            <\/div>\r\n                            <h3>SEO-Optimierung<\/h3>\r\n                            <p>Ebenso wichtig wie die Gestaltung f\u00fcr den Erfolg Ihres Webauftritts ist Suchmaschinenoptimierung. Damit Ihre Webseite bei Google und Co. gut gefunden wird. SEO-Ma\u00dfnahmen sind umfangreich und komplex, ich berate Sie hier gerne und optimiere die SEO-Informationen Ihrer Webseite mit Ihnen.<\/p>\r\n                        <\/div>\r\n                    <\/div><div class=\"col col-md-4 wow fadeInLeftSlow\">\r\n                        <div class=\"grid\">\r\n                            <div class=\"icon\">\r\n                                <img decoding=\"async\" src=\"https:\/\/www.temel-art.de\/wordpress\/wp-content\/uploads\/2019\/03\/buttons-leistungen-design-90x90.png\" alt>\r\n                            <\/div>\r\n                            <h3>Grafik-Design<\/h3>\r\n                            <p>Meine gestalterischen F\u00e4higkeiten reichen von Design f\u00fcr Web und Print bis zu Zeichnungen und Illustrationen und umfassen Beratung wie auch Umsetzung. Webdesign, Flyergestaltung, Werbebanner, Logodesign, Foto- und Bildbearbeitung, Illustrationen f\u00fcr B\u00fccher, Pr\u00e4sentationen &#8230; sprechen Sie mich an!<\/p>\r\n                        <\/div>\r\n                    <\/div><div class=\"col col-md-4 wow fadeInLeftSlow\">\r\n                        <div class=\"grid\">\r\n                            <div class=\"icon\">\r\n                                <img decoding=\"async\" src=\"https:\/\/www.temel-art.de\/wordpress\/wp-content\/uploads\/2019\/03\/buttons-leistungen-webdesign-90x90.png\" alt>\r\n                            <\/div>\r\n                            <h3>Webdesign<\/h3>\r\n                            <p>Der perfekte Webauftritt ist wichtiger denn je. Er dient als Visitenkarte und Erstinformationsquelle, ganz besonders f\u00fcr die berufliche Pr\u00e4sentation. Ich begleite Sie beim Prozess der Gestaltung und Konzeption, aber auch beim technischen Umbau und der Weiterentwicklung.<\/p>\r\n                        <\/div>\r\n                    <\/div><div class=\"col col-md-4 wow fadeInLeftSlow\">\r\n                        <div class=\"grid\">\r\n                            <div class=\"icon\">\r\n                                <img decoding=\"async\" src=\"https:\/\/www.temel-art.de\/wordpress\/wp-content\/uploads\/2019\/03\/buttons-leistungen-marketing-90x90.png\" alt>\r\n                            <\/div>\r\n                            <h3>Social Media | Marketing<\/h3>\r\n                            <p>Design ist auch Kommunikation mit den Kunden. Meine Kenntnisse umfassen breite Kompetenzen in Social-Media-Betreuung in der Planung und Umsetzung. \u00dcber das Erstellen von Grafiken, das Verfassen von Werbetexten bis hin zur Beratung.<\/p>\r\n                        <\/div>\r\n                    <\/div><div class=\"col col-md-4 wow fadeInLeftSlow\">\r\n                        <div class=\"grid\">\r\n                            <div class=\"icon\">\r\n                                <img decoding=\"async\" src=\"https:\/\/www.temel-art.de\/wordpress\/wp-content\/uploads\/2019\/03\/buttons-leistungen-newsletter-90x90.png\" alt>\r\n                            <\/div>\r\n                            <h3>Newslettergestaltung<\/h3>\r\n                            <p>Neben Social-Media sind auch Newsletter als Informations- und auch Verkaufskanal immer wichtiger. Ich habe Erfahrung mit dem Erstellen, Versenden und Evaluieren von Newsletterkampagnen und berate Sie hier gerne konzeptionell und technisch umfassend.<\/p>\r\n                        <\/div>\r\n                    <\/div>[\/vc_column][vc_column][\/vc_column][\/vc_row][\/vc_section][vc_section content_placement=&#8220;middle&#8220; css=&#8220;.vc_custom_1552645638669{padding-top: 55px !important;padding-bottom: 40px !important;background-color: #ffffff !important;}&#8220; el_class=&#8220;agency-services&#8220;][vc_row el_class=&#8220;container&#8220;][vc_column]<div class=\"section-title\">\r\n                    <h2>Portfolio \u2013 Webseiten<\/h2>\r\n                    \r\n                    <\/div>[\/vc_column][\/vc_row][vc_row el_class=&#8220;container&#8220;][vc_column width=&#8220;1\/3&#8243;][vc_single_image image=&#8220;3404&#8243; img_size=&#8220;large&#8220;][vc_column_text]\n<p style=\"text-align: center;\"><strong>Panini Onlineshop<\/strong><\/p>\n<p style=\"text-align: center;\"><em>Onlineshop der Panini Verlags GmbH<\/em><\/p>\n<p style=\"text-align: center;\">Projektbetreuung \/ Projektsteuerung f\u00fcr Teilprojekte im Auftrag der Panini Verlags GmbH | Grafikerstellung (Banner, Landingpages &#8230;) | Layout, Konzeption | Marketing | SEO | Newsletter<\/p>\n[\/vc_column_text][\/vc_column][vc_column width=&#8220;1\/3&#8243;][vc_single_image image=&#8220;3286&#8243; img_size=&#8220;large&#8220;][vc_column_text]\n<p style=\"text-align: center;\"><strong>LandKind.blog<\/strong><\/p>\n<p style=\"text-align: center;\"><em>Redaktioneller Blog zum LandKind-Magazin mit integriertem Online-Shop<\/em><\/p>\n<p style=\"text-align: center;\">Webseitenaufbau (WordPress) | Konzeption | Projektbetreuung\u00a0in Zusammenarbeit mit <a href=\"http:\/\/blueprint21.de\/\">Dorothee Lang<\/a><\/p>\n[\/vc_column_text][\/vc_column][vc_column width=&#8220;1\/3&#8243;][vc_single_image image=&#8220;3289&#8243; img_size=&#8220;large&#8220;][vc_column_text]\n<p style=\"text-align: center;\"><strong>Panini Newsroom <\/strong><\/p>\n<p style=\"text-align: center;\"><em>Presseportal der Panini Verlags GmbH<\/em><\/p>\n<p style=\"text-align: center;\">Webseitenaufbau (Typo3) | Konzeption | Projektbetreuung\u00a0in Zusammenarbeit mit <a href=\"http:\/\/blueprint21.de\/\">Dorothee Lang<\/a><\/p>\n[\/vc_column_text][\/vc_column][\/vc_row][vc_row el_class=&#8220;container&#8220;][vc_column width=&#8220;1\/3&#8243;][vc_single_image image=&#8220;3410&#8243; img_size=&#8220;large&#8220;][vc_column_text]\n<p style=\"text-align: center;\"><strong>myComics.de<\/strong><\/p>\n<p style=\"text-align: center;\"><em>Webcomic-Plattform f\u00fcr Verlagscomics, Leseproben und selbstgezeichnete User-Comics<\/em><\/p>\n<p style=\"text-align: center;\">Redaktion, Bannerwerbung und Projektbetreuung in Zusammenarbeit mit <a href=\"http:\/\/blueprint21.de\/\">Dorothee Lang<\/a><\/p>\n[\/vc_column_text][\/vc_column][\/vc_row][\/vc_section][vc_section el_class=&#8220;cv-portfolio&#8220; css=&#8220;.vc_custom_1552645613721{padding-top: 1px !important;padding-bottom: 0px !important;background-color: #ffffff !important;}&#8220; el_id=&#8220;portfolio&#8220;][vc_row el_class=&#8220;container&#8220;][vc_column]<div class=\"section-title\">\r\n                    <h2>Portfolio<\/h2>\r\n                    \r\n                    <\/div>[\/vc_column][\/vc_row][vc_row el_class=&#8220;container&#8220;][vc_column el_class=&#8220;left-col&#8220;]<div class=\"col col-xs-12  popup-gallery\">\r\n                        <div class=\"cv-portfolio-grids masonry-gallery\"><div class=\"grid grid-item \"><div class=\"box-inner\"><a href=\"https:\/\/www.temel-art.de\/wordpress\/wp-content\/uploads\/2018\/11\/logo-dianatiede.jpg\"><i class=\"fa fa-search\"><\/i><img decoding=\"async\" src=\"https:\/\/www.temel-art.de\/wordpress\/wp-content\/uploads\/2018\/11\/logo-dianatiede.jpg\" alt class=\"img img-responsive\"><\/a>\r\n                                    <div class=\"top-border\"><\/div>\r\n                                    <div class=\"bottom-border\"><\/div>\r\n                                <\/div>\r\n                            <\/div><div class=\"grid grid-item \"><div class=\"box-inner\"><a href=\"https:\/\/www.temel-art.de\/wordpress\/wp-content\/uploads\/2018\/11\/LesezeichenA_vampires-eden.jpg\"><i class=\"fa fa-search\"><\/i><img decoding=\"async\" src=\"https:\/\/www.temel-art.de\/wordpress\/wp-content\/uploads\/2018\/11\/LesezeichenA_vampires-eden.jpg\" alt class=\"img img-responsive\"><\/a>\r\n                                    <div class=\"top-border\"><\/div>\r\n                                    <div class=\"bottom-border\"><\/div>\r\n                                <\/div>\r\n                            <\/div><div class=\"grid grid-item \"><div class=\"box-inner\"><a href=\"https:\/\/www.temel-art.de\/wordpress\/wp-content\/uploads\/2018\/12\/miniinfos.jpg\"><i class=\"fa fa-search\"><\/i><img decoding=\"async\" src=\"https:\/\/www.temel-art.de\/wordpress\/wp-content\/uploads\/2018\/12\/miniinfos.jpg\" alt class=\"img img-responsive\"><\/a>\r\n                                    <div class=\"top-border\"><\/div>\r\n                                    <div class=\"bottom-border\"><\/div>\r\n                                <\/div>\r\n                            <\/div><div class=\"grid grid-item \"><div class=\"box-inner\"><a href=\"https:\/\/www.temel-art.de\/wordpress\/wp-content\/uploads\/2018\/12\/temel-portfolio_illu11_web.jpg\"><i class=\"fa fa-search\"><\/i><img decoding=\"async\" src=\"https:\/\/www.temel-art.de\/wordpress\/wp-content\/uploads\/2018\/12\/temel-portfolio_illu11_web.jpg\" alt class=\"img img-responsive\"><\/a>\r\n                                    <div class=\"top-border\"><\/div>\r\n                                    <div class=\"bottom-border\"><\/div>\r\n                                <\/div>\r\n                            <\/div><div class=\"grid grid-item \"><div class=\"box-inner\"><a href=\"https:\/\/www.temel-art.de\/wordpress\/wp-content\/uploads\/2018\/12\/flyer.jpg\"><i class=\"fa fa-search\"><\/i><img decoding=\"async\" src=\"https:\/\/www.temel-art.de\/wordpress\/wp-content\/uploads\/2018\/12\/flyer.jpg\" alt class=\"img img-responsive\"><\/a>\r\n                                    <div class=\"top-border\"><\/div>\r\n                                    <div class=\"bottom-border\"><\/div>\r\n                                <\/div>\r\n                            <\/div><div class=\"grid grid-item \"><div class=\"box-inner\"><a href=\"https:\/\/www.temel-art.de\/wordpress\/wp-content\/uploads\/2018\/12\/wot-flyer.jpg\"><i class=\"fa fa-search\"><\/i><img decoding=\"async\" src=\"https:\/\/www.temel-art.de\/wordpress\/wp-content\/uploads\/2018\/12\/wot-flyer.jpg\" alt class=\"img img-responsive\"><\/a>\r\n                                    <div class=\"top-border\"><\/div>\r\n                                    <div class=\"bottom-border\"><\/div>\r\n                                <\/div>\r\n                            <\/div><div class=\"grid grid-item \"><div class=\"box-inner\"><a href=\"https:\/\/www.temel-art.de\/wordpress\/wp-content\/uploads\/2018\/12\/prometheus_ohne_hg_web.jpg\"><i class=\"fa fa-search\"><\/i><img decoding=\"async\" src=\"https:\/\/www.temel-art.de\/wordpress\/wp-content\/uploads\/2018\/12\/prometheus_ohne_hg_web.jpg\" alt class=\"img img-responsive\"><\/a>\r\n                                    <div class=\"top-border\"><\/div>\r\n                                    <div class=\"bottom-border\"><\/div>\r\n                                <\/div>\r\n                            <\/div><\/div><\/div>[\/vc_column][\/vc_row][\/vc_section][vc_section el_id=&#8220;contact&#8220; el_class=&#8220;contact-section&#8220; css=&#8220;.vc_custom_1543161531678{padding-top: 50px !important;padding-bottom: 120px !important;}&#8220;][vc_row el_class=&#8220;container contact-block&#8220;][vc_column]<div class=\"section-title\">\r\n                    <h2>Schreiben Sie mir!<\/h2>\r\n                    \r\n                    <\/div><div class=\"contact-info\">\r\n                        <p>Ganz gleich ob es sich um einen Onlineshop, ein Webseiten-Projekt oder etwas ganz anderes handelt, schildern Sie mir Ihr Anliegen kurz per E-Mail und wir kl\u00e4ren alles weitere pers\u00f6nlich. Innerhalb von 48 Stunden erhalten Sie eine erste Antwort.<\/p>\r\n                            <ul>\r\n                                <li>\r\n                                    <span class=\"icon\">\r\n                                        <i class=\"fi flaticon-windows\"><\/i>\r\n                                    <\/span>\r\n                                    <p>Thekla Maria Barck<br \/>\r\nNiehler Kirchweg 212<br \/>\r\n50735 K\u00f6ln<br \/><\/p>\r\n\r\n<p>Umsatzsteuer:<\/p>\r\n<p>Umsatzsteuer-Identifikationsnummer gem\u00e4\u00df \u00a727 a Umsatzsteuergesetz:\r\nDE288242292<\/p>\r\n\r\n<p>Verantwortlich f\u00fcr den Inhalt nach \u00a7 55 Abs. 2 RStV:<\/p>\r\nThekla Maria Barck | Niehler Kirchweg 212 | 50735 K\u00f6ln\r\n                                <\/li>\r\n                                <li>\r\n                                    <span class=\"icon\">\r\n                                        <i class=\"fi flaticon-technology\"><\/i>\r\n                                    <\/span>\r\n                                    <p>+49221 29941895<\/p>\r\n                                <\/li>\r\n                                <li>\r\n                                    <span class=\"icon\">\r\n                                        <i class=\"fi flaticon-mail\"><\/i>\r\n                                    <\/span>\r\n                                    <p>thekla@temel-art.de<\/p>\r\n                                <\/li>\r\n                            <\/ul>\r\n                        <\/div>\r\n                        <div class=\"contact-form\">\r\n                        \r\n                        <\/div>[\/vc_column][\/vc_row][\/vc_section]\n<\/div>","protected":false},"excerpt":{"rendered":"<p>[vc_section][vc_row][vc_column][\/vc_column][\/vc_row][\/vc_section][vc_section el_class=&#8220;about-me&#8220; css=&#8220;.vc_custom_1543161320072{padding-top: 50px !important;padding-bottom: 20px !important;}&#8220; el_id=&#8220;about&#8220;][vc_row el_class=&#8220;container&#8220;][vc_column][\/vc_column][\/vc_row][vc_row el_class=&#8220;container&#8220;][vc_column width=&#8220;1\/2&#8243; el_class=&#8220;left-col&#8220;][\/vc_column][vc_column width=&#8220;5\/12&#8243; offset=&#8220;vc_col-lg-offset-1&#8243; el_class=&#8220;right-col&#8220;][\/vc_column][\/vc_row][\/vc_section][vc_section el_id=&#8220;services&#8220; css=&#8220;.vc_custom_1552645682882{padding-top: 50px !important;padding-bottom: 50px !important;background-color: #f4f4f4 !important;}&#8220; el_class=&#8220;agency-services&#8220;][vc_row bg_style=&#8220;#ededed&#8220; el_class=&#8220;container&#8220;][vc_column el_class=&#8220;agency-grids&#8220;][\/vc_column][vc_column][\/vc_column][\/vc_row][\/vc_section][vc_section content_placement=&#8220;middle&#8220; css=&#8220;.vc_custom_1552645638669{padding-top: 55px !important;padding-bottom: 40px !important;background-color: #ffffff !important;}&#8220; el_class=&#8220;agency-services&#8220;][vc_row el_class=&#8220;container&#8220;][vc_column][\/vc_column][\/vc_row][vc_row el_class=&#8220;container&#8220;][vc_column width=&#8220;1\/3&#8243;][vc_single_image image=&#8220;3404&#8243; [&hellip;]<\/p>\n","protected":false},"author":1,"featured_media":0,"parent":0,"menu_order":0,"comment_status":"closed","ping_status":"closed","template":"resume_temp.php","meta":{"footnotes":""},"post_mailing_queue_ids":[],"_links":{"self":[{"href":"https:\/\/www.temel-art.de\/wordpress\/wp-json\/wp\/v2\/pages\/3218"}],"collection":[{"href":"https:\/\/www.temel-art.de\/wordpress\/wp-json\/wp\/v2\/pages"}],"about":[{"href":"https:\/\/www.temel-art.de\/wordpress\/wp-json\/wp\/v2\/types\/page"}],"author":[{"embeddable":true,"href":"https:\/\/www.temel-art.de\/wordpress\/wp-json\/wp\/v2\/users\/1"}],"replies":[{"embeddable":true,"href":"https:\/\/www.temel-art.de\/wordpress\/wp-json\/wp\/v2\/comments?post=3218"}],"version-history":[{"count":53,"href":"https:\/\/www.temel-art.de\/wordpress\/wp-json\/wp\/v2\/pages\/3218\/revisions"}],"predecessor-version":[{"id":3437,"href":"https:\/\/www.temel-art.de\/wordpress\/wp-json\/wp\/v2\/pages\/3218\/revisions\/3437"}],"wp:attachment":[{"href":"https:\/\/www.temel-art.de\/wordpress\/wp-json\/wp\/v2\/media?parent=3218"}],"curies":[{"name":"wp","href":"https:\/\/api.w.org\/{rel}","templated":true}]}}